{"id":6312,"date":"2023-12-09T23:31:17","date_gmt":"2023-12-09T21:31:17","guid":{"rendered":"https:\/\/bmw-radios.com\/andere-nuetzliche-informationen\/"},"modified":"2026-01-05T00:21:03","modified_gmt":"2026-01-04T22:21:03","slug":"andere-nuetzliche-informationen","status":"publish","type":"page","link":"https:\/\/bmw-radios.com\/de\/andere-nuetzliche-informationen\/","title":{"rendered":"Andere n\u00fctzliche Informationen"},"content":{"rendered":"\n<div class=\"wp-block-group alignwide has-global-padding is-layout-constrained wp-block-group-is-layout-constrained\">\n<h1 class=\"wp-block-heading alignwide has-inter-font-family has-xx-large-font-size\" style=\"line-height:1.2\"><strong>Einige weitere n\u00fctzliche Informationen<\/strong><\/h1>\n<\/div>\n\n\n\n<div class=\"wp-block-group alignfull has-accent-background-color has-background has-global-padding is-layout-constrained wp-container-core-group-is-layout-669513ed wp-block-group-is-layout-constrained\" style=\"margin-top:0;margin-bottom:0;padding-top:var(--wp--preset--spacing--50);padding-right:var(--wp--preset--spacing--50);padding-bottom:var(--wp--preset--spacing--50);padding-left:var(--wp--preset--spacing--50)\">\n<div class=\"wp-block-columns alignwide is-layout-flex wp-container-core-columns-is-layout-28f84493 wp-block-columns-is-layout-flex\">\n<div class=\"wp-block-column is-layout-flow wp-block-column-is-layout-flow\" style=\"flex-basis:40%\">\n<p>Geheimmen\u00fcs f\u00fcr verschiedene BMW Radios:<\/p>\n<\/div>\n<\/div>\n\n\n\n<div class=\"wp-block-columns alignwide is-layout-flex wp-container-core-columns-is-layout-28f84493 wp-block-columns-is-layout-flex\">\n<div class=\"wp-block-column is-layout-flow wp-block-column-is-layout-flow\">\n<figure class=\"wp-block-embed is-type-rich is-provider-embed-handler wp-block-embed-embed-handler wp-embed-aspect-16-9 wp-has-aspect-ratio\"><div class=\"wp-block-embed__wrapper\">\n<span class=\"embed-youtube\" style=\"text-align:center; display: block;\"><iframe loading=\"lazy\" class=\"youtube-player\" width=\"640\" height=\"360\" src=\"https:\/\/www.youtube.com\/embed\/ufiUoYwezLc?version=3&#038;rel=1&#038;showsearch=0&#038;showinfo=1&#038;iv_load_policy=1&#038;fs=1&#038;hl=de-DE&#038;autohide=2&#038;wmode=transparent\" allowfullscreen=\"true\" style=\"border:0;\" sandbox=\"allow-scripts allow-same-origin allow-popups allow-presentation allow-popups-to-escape-sandbox\"><\/iframe><\/span> \n<\/div><\/figure>\n<\/div>\n<\/div>\n\n\n\n<div style=\"height:26px\" aria-hidden=\"true\" class=\"wp-block-spacer\"><\/div>\n\n\n\n<div class=\"wp-block-group alignwide is-nowrap is-layout-flex wp-container-core-group-is-layout-6c531013 wp-block-group-is-layout-flex\">\n<p class=\"has-link-color wp-elements-469fa357c1e1ff0cb716d70f398f1c24\"><a href=\"http:\/\/www.ow.no\/index.php?option=com_wrapper&amp;Itemid=34\" target=\"_blank\" rel=\"noreferrer noopener\"><mark style=\"background-color:rgba(0, 0, 0, 0);color:#0c6fe9\" class=\"has-inline-color\"><span style=\"text-decoration: underline\">Verschiedene BMW Original Einbauanleitungen f\u00fcr E30, E32, E34 etc.<\/span><\/mark><\/a><\/p>\n<\/div>\n\n\n\n<div class=\"wp-block-group alignwide is-nowrap is-layout-flex wp-container-core-group-is-layout-6c531013 wp-block-group-is-layout-flex\">\n<p class=\"has-link-color wp-elements-b9f86e5f71c66d8800694cc88e41fedf\"><a href=\"https:\/\/gunnar525.de\/screwings_beta\/\" target=\"_blank\" rel=\"noreferrer noopener\"><mark style=\"background-color:rgba(0, 0, 0, 0);color:#0c6fe9\" class=\"has-inline-color\"><span style=\"text-decoration: underline\">Verschiedene E34 Nachr\u00fcstanleitungen<\/span><\/mark><\/a><\/p>\n<\/div>\n\n\n\n<div class=\"wp-block-group alignwide is-nowrap is-layout-flex wp-container-core-group-is-layout-6c531013 wp-block-group-is-layout-flex\">\n<p class=\"has-link-color wp-elements-694d5f6786a34bb15ca37113b941850e\"><a href=\"https:\/\/www.scribd.com\/doc\/144800709\/80785425-BMW-E34-Factory-Options-Retrofit-Guide\" target=\"_blank\" rel=\"noreferrer noopener\"><mark style=\"background-color:rgba(0, 0, 0, 0);color:#0c6fe9\" class=\"has-inline-color\"><span style=\"text-decoration: underline\">E34 factory options retrofit guide<\/span><\/mark><\/a><\/p>\n<\/div>\n\n\n\n<div class=\"wp-block-group alignwide is-nowrap is-layout-flex wp-container-core-group-is-layout-6c531013 wp-block-group-is-layout-flex\">\n<p class=\"has-link-color wp-elements-2912efe2bb8b3d362a3828be4838133f\"><a href=\"http:\/\/de.bmwfans.info\/parts-catalog\" target=\"_blank\" rel=\"noreferrer noopener\"><mark style=\"background-color:rgba(0, 0, 0, 0);color:#0c6fe9\" class=\"has-inline-color\"><span style=\"text-decoration: underline\">Katalog f\u00fcr BMW Ersatzteilnummern<\/span><\/mark><\/a><\/p>\n<\/div>\n\n\n\n<div class=\"wp-block-group alignwide is-nowrap is-layout-flex wp-container-core-group-is-layout-6c531013 wp-block-group-is-layout-flex\">\n<p class=\"has-link-color wp-elements-589999a519acf032d997e573ec554abf\"><a href=\"http:\/\/car-cm.com\/brochure\/\" target=\"_blank\" rel=\"noreferrer noopener\"><mark style=\"background-color:rgba(0, 0, 0, 0);color:#0c6fe9\" class=\"has-inline-color\"><span style=\"text-decoration: underline\">BMW Original Verkaufsprospekte f\u00fcr E30, E31, E32, E34 etc.<\/span><\/mark><\/a><\/p>\n<\/div>\n<\/div>\n","protected":false},"excerpt":{"rendered":"<p>Einige weitere n\u00fctzliche Informationen Geheimmen\u00fcs f\u00fcr verschiedene BMW Radios: Verschiedene BMW Original Einbauanleitungen f\u00fcr E30, E32, E34 etc. Verschiedene E34 Nachr\u00fcstanleitungen E34 factory options retrofit guide Katalog f\u00fcr BMW Ersatzteilnummern BMW Original Verkaufsprospekte f\u00fcr E30, E31, E32, E34 etc.<\/p>\n","protected":false},"author":243139741,"featured_media":14614,"parent":0,"menu_order":0,"comment_status":"closed","ping_status":"closed","template":"","meta":{"footnotes":""},"class_list":["post-6312","page","type-page","status-publish","has-post-thumbnail","hentry"],"yoast_head":"<!-- This site is optimized with the Yoast SEO plugin v27.4 - https:\/\/yoast.com\/product\/yoast-seo-wordpress\/ -->\n<title>N\u00fctzliche Informationen zu BMW OEM Radios, EBA-s usw.<\/title>\n<meta name=\"description\" content=\"N\u00fctzliche Informationen zu BMW OEM Radios, Nachr\u00fcstungsanleitungen, BMW Originalbrosch\u00fcren und Ersatzteilkatalogen.\" \/>\n<meta name=\"robots\" content=\"index, follow, max-snippet:-1, max-image-preview:large, max-video-preview:-1\" \/>\n<link rel=\"canonical\" href=\"https:\/\/bmw-radios.com\/de\/andere-nuetzliche-informationen\/\" \/>\n<meta property=\"og:locale\" content=\"de_DE\" \/>\n<meta property=\"og:type\" content=\"article\" \/>\n<meta property=\"og:title\" content=\"N\u00fctzliche Informationen zu BMW OEM Radios, EBA-s usw.\" \/>\n<meta property=\"og:description\" content=\"N\u00fctzliche Informationen zu BMW OEM Radios, Nachr\u00fcstungsanleitungen, BMW Originalbrosch\u00fcren und Ersatzteilkatalogen.\" \/>\n<meta property=\"og:url\" content=\"https:\/\/bmw-radios.com\/de\/andere-nuetzliche-informationen\/\" \/>\n<meta property=\"og:site_name\" content=\"BMWradios\" \/>\n<meta property=\"article:publisher\" content=\"https:\/\/www.facebook.com\/bmwradios\/\" \/>\n<meta property=\"article:modified_time\" content=\"2026-01-04T22:21:03+00:00\" \/>\n<meta property=\"og:image\" content=\"https:\/\/bmw-radios.com\/wp-content\/uploads\/2026\/01\/BMW-EBA.jpg\" \/>\n\t<meta property=\"og:image:width\" content=\"1200\" \/>\n\t<meta property=\"og:image:height\" content=\"628\" \/>\n\t<meta property=\"og:image:type\" content=\"image\/jpeg\" \/>\n<meta name=\"twitter:card\" content=\"summary_large_image\" \/>\n<meta name=\"twitter:label1\" content=\"Gesch\u00e4tzte Lesezeit\" \/>\n\t<meta name=\"twitter:data1\" content=\"1\u00a0Minute\" \/>\n<script type=\"application\/ld+json\" class=\"yoast-schema-graph\">{\"@context\":\"https:\\\/\\\/schema.org\",\"@graph\":[{\"@type\":\"WebPage\",\"@id\":\"https:\\\/\\\/bmw-radios.com\\\/de\\\/andere-nuetzliche-informationen\\\/\",\"url\":\"https:\\\/\\\/bmw-radios.com\\\/de\\\/andere-nuetzliche-informationen\\\/\",\"name\":\"N\u00fctzliche Informationen zu BMW OEM Radios, EBA-s usw.\",\"isPartOf\":{\"@id\":\"https:\\\/\\\/bmw-radios.com\\\/de\\\/#website\"},\"primaryImageOfPage\":{\"@id\":\"https:\\\/\\\/bmw-radios.com\\\/de\\\/andere-nuetzliche-informationen\\\/#primaryimage\"},\"image\":{\"@id\":\"https:\\\/\\\/bmw-radios.com\\\/de\\\/andere-nuetzliche-informationen\\\/#primaryimage\"},\"thumbnailUrl\":\"https:\\\/\\\/i0.wp.com\\\/bmw-radios.com\\\/wp-content\\\/uploads\\\/2026\\\/01\\\/BMW-EBA.jpg?fit=1200%2C628&ssl=1\",\"datePublished\":\"2023-12-09T21:31:17+00:00\",\"dateModified\":\"2026-01-04T22:21:03+00:00\",\"description\":\"N\u00fctzliche Informationen zu BMW OEM Radios, Nachr\u00fcstungsanleitungen, BMW Originalbrosch\u00fcren und Ersatzteilkatalogen.\",\"breadcrumb\":{\"@id\":\"https:\\\/\\\/bmw-radios.com\\\/de\\\/andere-nuetzliche-informationen\\\/#breadcrumb\"},\"inLanguage\":\"de\",\"potentialAction\":[{\"@type\":\"ReadAction\",\"target\":[\"https:\\\/\\\/bmw-radios.com\\\/de\\\/andere-nuetzliche-informationen\\\/\"]}]},{\"@type\":\"ImageObject\",\"inLanguage\":\"de\",\"@id\":\"https:\\\/\\\/bmw-radios.com\\\/de\\\/andere-nuetzliche-informationen\\\/#primaryimage\",\"url\":\"https:\\\/\\\/i0.wp.com\\\/bmw-radios.com\\\/wp-content\\\/uploads\\\/2026\\\/01\\\/BMW-EBA.jpg?fit=1200%2C628&ssl=1\",\"contentUrl\":\"https:\\\/\\\/i0.wp.com\\\/bmw-radios.com\\\/wp-content\\\/uploads\\\/2026\\\/01\\\/BMW-EBA.jpg?fit=1200%2C628&ssl=1\",\"width\":1200,\"height\":628},{\"@type\":\"BreadcrumbList\",\"@id\":\"https:\\\/\\\/bmw-radios.com\\\/de\\\/andere-nuetzliche-informationen\\\/#breadcrumb\",\"itemListElement\":[{\"@type\":\"ListItem\",\"position\":1,\"name\":\"Home\",\"item\":\"https:\\\/\\\/bmw-radios.com\\\/de\\\/\"},{\"@type\":\"ListItem\",\"position\":2,\"name\":\"Andere n\u00fctzliche Informationen\"}]},{\"@type\":\"WebSite\",\"@id\":\"https:\\\/\\\/bmw-radios.com\\\/de\\\/#website\",\"url\":\"https:\\\/\\\/bmw-radios.com\\\/de\\\/\",\"name\":\"BMWradios\",\"description\":\"\",\"publisher\":{\"@id\":\"https:\\\/\\\/bmw-radios.com\\\/de\\\/#organization\"},\"potentialAction\":[{\"@type\":\"SearchAction\",\"target\":{\"@type\":\"EntryPoint\",\"urlTemplate\":\"https:\\\/\\\/bmw-radios.com\\\/de\\\/?s={search_term_string}\"},\"query-input\":{\"@type\":\"PropertyValueSpecification\",\"valueRequired\":true,\"valueName\":\"search_term_string\"}}],\"inLanguage\":\"de\"},{\"@type\":\"Organization\",\"@id\":\"https:\\\/\\\/bmw-radios.com\\\/de\\\/#organization\",\"name\":\"BMWradios\",\"url\":\"https:\\\/\\\/bmw-radios.com\\\/de\\\/\",\"logo\":{\"@type\":\"ImageObject\",\"inLanguage\":\"de\",\"@id\":\"https:\\\/\\\/bmw-radios.com\\\/de\\\/#\\\/schema\\\/logo\\\/image\\\/\",\"url\":\"https:\\\/\\\/i0.wp.com\\\/bmw-radios.com\\\/wp-content\\\/uploads\\\/2023\\\/11\\\/cropped-logo.png?fit=512%2C512&ssl=1\",\"contentUrl\":\"https:\\\/\\\/i0.wp.com\\\/bmw-radios.com\\\/wp-content\\\/uploads\\\/2023\\\/11\\\/cropped-logo.png?fit=512%2C512&ssl=1\",\"width\":512,\"height\":512,\"caption\":\"BMWradios\"},\"image\":{\"@id\":\"https:\\\/\\\/bmw-radios.com\\\/de\\\/#\\\/schema\\\/logo\\\/image\\\/\"},\"sameAs\":[\"https:\\\/\\\/www.facebook.com\\\/bmwradios\\\/\"]}]}<\/script>\n<!-- \/ Yoast SEO plugin. -->","yoast_head_json":{"title":"N\u00fctzliche Informationen zu BMW OEM Radios, EBA-s usw.","description":"N\u00fctzliche Informationen zu BMW OEM Radios, Nachr\u00fcstungsanleitungen, BMW Originalbrosch\u00fcren und Ersatzteilkatalogen.","robots":{"index":"index","follow":"follow","max-snippet":"max-snippet:-1","max-image-preview":"max-image-preview:large","max-video-preview":"max-video-preview:-1"},"canonical":"https:\/\/bmw-radios.com\/de\/andere-nuetzliche-informationen\/","og_locale":"de_DE","og_type":"article","og_title":"N\u00fctzliche Informationen zu BMW OEM Radios, EBA-s usw.","og_description":"N\u00fctzliche Informationen zu BMW OEM Radios, Nachr\u00fcstungsanleitungen, BMW Originalbrosch\u00fcren und Ersatzteilkatalogen.","og_url":"https:\/\/bmw-radios.com\/de\/andere-nuetzliche-informationen\/","og_site_name":"BMWradios","article_publisher":"https:\/\/www.facebook.com\/bmwradios\/","article_modified_time":"2026-01-04T22:21:03+00:00","og_image":[{"width":1200,"height":628,"url":"https:\/\/bmw-radios.com\/wp-content\/uploads\/2026\/01\/BMW-EBA.jpg","type":"image\/jpeg"}],"twitter_card":"summary_large_image","twitter_misc":{"Gesch\u00e4tzte Lesezeit":"1\u00a0Minute"},"schema":{"@context":"https:\/\/schema.org","@graph":[{"@type":"WebPage","@id":"https:\/\/bmw-radios.com\/de\/andere-nuetzliche-informationen\/","url":"https:\/\/bmw-radios.com\/de\/andere-nuetzliche-informationen\/","name":"N\u00fctzliche Informationen zu BMW OEM Radios, EBA-s usw.","isPartOf":{"@id":"https:\/\/bmw-radios.com\/de\/#website"},"primaryImageOfPage":{"@id":"https:\/\/bmw-radios.com\/de\/andere-nuetzliche-informationen\/#primaryimage"},"image":{"@id":"https:\/\/bmw-radios.com\/de\/andere-nuetzliche-informationen\/#primaryimage"},"thumbnailUrl":"https:\/\/i0.wp.com\/bmw-radios.com\/wp-content\/uploads\/2026\/01\/BMW-EBA.jpg?fit=1200%2C628&ssl=1","datePublished":"2023-12-09T21:31:17+00:00","dateModified":"2026-01-04T22:21:03+00:00","description":"N\u00fctzliche Informationen zu BMW OEM Radios, Nachr\u00fcstungsanleitungen, BMW Originalbrosch\u00fcren und Ersatzteilkatalogen.","breadcrumb":{"@id":"https:\/\/bmw-radios.com\/de\/andere-nuetzliche-informationen\/#breadcrumb"},"inLanguage":"de","potentialAction":[{"@type":"ReadAction","target":["https:\/\/bmw-radios.com\/de\/andere-nuetzliche-informationen\/"]}]},{"@type":"ImageObject","inLanguage":"de","@id":"https:\/\/bmw-radios.com\/de\/andere-nuetzliche-informationen\/#primaryimage","url":"https:\/\/i0.wp.com\/bmw-radios.com\/wp-content\/uploads\/2026\/01\/BMW-EBA.jpg?fit=1200%2C628&ssl=1","contentUrl":"https:\/\/i0.wp.com\/bmw-radios.com\/wp-content\/uploads\/2026\/01\/BMW-EBA.jpg?fit=1200%2C628&ssl=1","width":1200,"height":628},{"@type":"BreadcrumbList","@id":"https:\/\/bmw-radios.com\/de\/andere-nuetzliche-informationen\/#breadcrumb","itemListElement":[{"@type":"ListItem","position":1,"name":"Home","item":"https:\/\/bmw-radios.com\/de\/"},{"@type":"ListItem","position":2,"name":"Andere n\u00fctzliche Informationen"}]},{"@type":"WebSite","@id":"https:\/\/bmw-radios.com\/de\/#website","url":"https:\/\/bmw-radios.com\/de\/","name":"BMWradios","description":"","publisher":{"@id":"https:\/\/bmw-radios.com\/de\/#organization"},"potentialAction":[{"@type":"SearchAction","target":{"@type":"EntryPoint","urlTemplate":"https:\/\/bmw-radios.com\/de\/?s={search_term_string}"},"query-input":{"@type":"PropertyValueSpecification","valueRequired":true,"valueName":"search_term_string"}}],"inLanguage":"de"},{"@type":"Organization","@id":"https:\/\/bmw-radios.com\/de\/#organization","name":"BMWradios","url":"https:\/\/bmw-radios.com\/de\/","logo":{"@type":"ImageObject","inLanguage":"de","@id":"https:\/\/bmw-radios.com\/de\/#\/schema\/logo\/image\/","url":"https:\/\/i0.wp.com\/bmw-radios.com\/wp-content\/uploads\/2023\/11\/cropped-logo.png?fit=512%2C512&ssl=1","contentUrl":"https:\/\/i0.wp.com\/bmw-radios.com\/wp-content\/uploads\/2023\/11\/cropped-logo.png?fit=512%2C512&ssl=1","width":512,"height":512,"caption":"BMWradios"},"image":{"@id":"https:\/\/bmw-radios.com\/de\/#\/schema\/logo\/image\/"},"sameAs":["https:\/\/www.facebook.com\/bmwradios\/"]}]}},"jetpack_likes_enabled":true,"jetpack_sharing_enabled":true,"jetpack_shortlink":"https:\/\/wp.me\/Pfjy9t-1DO","jetpack-related-posts":[],"_links":{"self":[{"href":"https:\/\/bmw-radios.com\/de\/wp-json\/wp\/v2\/pages\/6312","targetHints":{"allow":["GET"]}}],"collection":[{"href":"https:\/\/bmw-radios.com\/de\/wp-json\/wp\/v2\/pages"}],"about":[{"href":"https:\/\/bmw-radios.com\/de\/wp-json\/wp\/v2\/types\/page"}],"author":[{"embeddable":true,"href":"https:\/\/bmw-radios.com\/de\/wp-json\/wp\/v2\/users\/243139741"}],"replies":[{"embeddable":true,"href":"https:\/\/bmw-radios.com\/de\/wp-json\/wp\/v2\/comments?post=6312"}],"version-history":[{"count":8,"href":"https:\/\/bmw-radios.com\/de\/wp-json\/wp\/v2\/pages\/6312\/revisions"}],"predecessor-version":[{"id":14616,"href":"https:\/\/bmw-radios.com\/de\/wp-json\/wp\/v2\/pages\/6312\/revisions\/14616"}],"wp:featuredmedia":[{"embeddable":true,"href":"https:\/\/bmw-radios.com\/de\/wp-json\/wp\/v2\/media\/14614"}],"wp:attachment":[{"href":"https:\/\/bmw-radios.com\/de\/wp-json\/wp\/v2\/media?parent=6312"}],"curies":[{"name":"wp","href":"https:\/\/api.w.org\/{rel}","templated":true}]}}