{"id":9082,"date":"2025-05-02T12:13:44","date_gmt":"2025-05-02T09:13:44","guid":{"rendered":"https:\/\/bmw-radios.com\/?page_id=9082"},"modified":"2026-01-05T11:22:01","modified_gmt":"2026-01-05T09:22:01","slug":"bmw-business-rds-info","status":"publish","type":"page","link":"https:\/\/bmw-radios.com\/de\/bmw-business-rds-info\/","title":{"rendered":"BMW Business RDS Info"},"content":{"rendered":"\n<div class=\"wp-block-group alignfull has-accent-2-background-color has-background has-global-padding is-layout-constrained wp-container-core-group-is-layout-669513ed wp-block-group-is-layout-constrained\" style=\"margin-top:0;margin-bottom:0;padding-top:var(--wp--preset--spacing--50);padding-right:var(--wp--preset--spacing--50);padding-bottom:var(--wp--preset--spacing--50);padding-left:var(--wp--preset--spacing--50)\">\n<div class=\"wp-block-columns alignwide is-layout-flex wp-container-core-columns-is-layout-28f84493 wp-block-columns-is-layout-flex\">\n<div class=\"wp-block-column is-layout-flow wp-block-column-is-layout-flow\" style=\"flex-basis:100%\">\n<h1 class=\"wp-block-heading has-body-font-family has-x-large-font-size\"><strong>BMW Business RDS Radio Installationsanleitung<\/strong><\/h1>\n\n\n\n<p>Anstelle des Metall Montagerahmen wird dieses Radio mit zwei M2,5-Inbusschrauben mit gleitenden Metalllaschen befestigt (alternativ kann auch ein Torx T10 verwendet werden). Beim Drehen im Uhrzeigersinn greifen die Laschen und ziehen das Radio nach innen, sodass es fest gegen den umlaufenden Radiorahmen gespannt wird:<\/p>\n\n\n\n<figure class=\"wp-block-embed is-type-video is-provider-youtube wp-block-embed-youtube wp-embed-aspect-16-9 wp-has-aspect-ratio\"><div class=\"wp-block-embed__wrapper\">\n<span class=\"embed-youtube\" style=\"text-align:center; display: block;\"><iframe loading=\"lazy\" class=\"youtube-player\" width=\"640\" height=\"360\" src=\"https:\/\/www.youtube.com\/embed\/GVdprvmna8Q?version=3&#038;rel=1&#038;showsearch=0&#038;showinfo=1&#038;iv_load_policy=1&#038;fs=1&#038;hl=de-DE&#038;autohide=2&#038;wmode=transparent\" allowfullscreen=\"true\" style=\"border:0;\" sandbox=\"allow-scripts allow-same-origin allow-popups allow-presentation allow-popups-to-escape-sandbox\"><\/iframe><\/span>\n<\/div><\/figure>\n\n\n\n<div style=\"height:13px\" aria-hidden=\"true\" class=\"wp-block-spacer\"><\/div>\n\n\n\n<p>Ziehen Sie sie nicht zu fest an da sonst diese kleinen Sicherungsscheiben am Ende der Schrauben fliegt weg.<\/p>\n\n\n\n<figure class=\"wp-block-image aligncenter size-full\"><img data-recalc-dims=\"1\" loading=\"lazy\" decoding=\"async\" width=\"1500\" height=\"1000\" src=\"https:\/\/i0.wp.com\/bmw-radios.com\/wp-content\/uploads\/2025\/05\/IMG_3087.jpg?resize=1500%2C1000&#038;ssl=1\" alt=\"\" class=\"wp-image-9056\" style=\"object-fit:cover\" srcset=\"https:\/\/i0.wp.com\/bmw-radios.com\/wp-content\/uploads\/2025\/05\/IMG_3087.jpg?w=1500&amp;ssl=1 1500w, https:\/\/i0.wp.com\/bmw-radios.com\/wp-content\/uploads\/2025\/05\/IMG_3087.jpg?resize=300%2C200&amp;ssl=1 300w, https:\/\/i0.wp.com\/bmw-radios.com\/wp-content\/uploads\/2025\/05\/IMG_3087.jpg?resize=1024%2C683&amp;ssl=1 1024w, https:\/\/i0.wp.com\/bmw-radios.com\/wp-content\/uploads\/2025\/05\/IMG_3087.jpg?resize=150%2C100&amp;ssl=1 150w, https:\/\/i0.wp.com\/bmw-radios.com\/wp-content\/uploads\/2025\/05\/IMG_3087.jpg?resize=768%2C512&amp;ssl=1 768w, https:\/\/i0.wp.com\/bmw-radios.com\/wp-content\/uploads\/2025\/05\/IMG_3087.jpg?resize=1200%2C800&amp;ssl=1 1200w\" sizes=\"auto, (max-width: 1000px) 100vw, 1000px\" \/><\/figure>\n\n\n\n<div style=\"height:13px\" aria-hidden=\"true\" class=\"wp-block-spacer\"><\/div>\n\n\n\n<p>Die Abdeckungen, die die Schrauben verdecken, sind sehr empfindlich und m\u00fcssen vorsichtig behandelt werden. Wenn die kleinen Kunststoff-Verriegelungsnasen noch intakt sind, \u00f6ffnen Sie die Abdeckung indem Sie sie zuerst leicht nach au\u00dfen dr\u00fccken und anschlie\u00dfend zu sich hin ziehen.<\/p>\n\n\n\n<p>Verwenden Sie ausschlie\u00dflich einen Fingernagel \u2013 Werkzeuge wie Messer oder Schraubendreher k\u00f6nnen den Kunststoff zerkratzen oder besch\u00e4digen. Zum Schlie\u00dfen der Abdeckung gehen Sie in umgekehrter Reihenfolge vor.<\/p>\n\n\n\n<p><strong>Ziehen Sie das Radio niemals an diesen Abdeckungen heraus<\/strong>, da sie sonst abbrechen. F\u00fchren Sie stattdessen einen Finger durch die Kassetten\u00f6ffnung und ziehen Sie das Radio von dort heraus:<\/p>\n\n\n\n<figure class=\"wp-block-gallery has-nested-images columns-default is-cropped wp-block-gallery-1 is-layout-flex wp-block-gallery-is-layout-flex\">\n<figure class=\"wp-block-image size-large\"><img data-recalc-dims=\"1\" loading=\"lazy\" decoding=\"async\" width=\"1024\" height=\"683\" data-id=\"9062\" src=\"https:\/\/i0.wp.com\/bmw-radios.com\/wp-content\/uploads\/2025\/05\/IMG_2708.jpg?resize=1024%2C683&#038;ssl=1\" alt=\"\" class=\"wp-image-9062\" srcset=\"https:\/\/i0.wp.com\/bmw-radios.com\/wp-content\/uploads\/2025\/05\/IMG_2708.jpg?resize=1024%2C683&amp;ssl=1 1024w, https:\/\/i0.wp.com\/bmw-radios.com\/wp-content\/uploads\/2025\/05\/IMG_2708.jpg?resize=300%2C200&amp;ssl=1 300w, https:\/\/i0.wp.com\/bmw-radios.com\/wp-content\/uploads\/2025\/05\/IMG_2708.jpg?resize=150%2C100&amp;ssl=1 150w, https:\/\/i0.wp.com\/bmw-radios.com\/wp-content\/uploads\/2025\/05\/IMG_2708.jpg?resize=768%2C512&amp;ssl=1 768w, https:\/\/i0.wp.com\/bmw-radios.com\/wp-content\/uploads\/2025\/05\/IMG_2708.jpg?w=1500&amp;ssl=1 1500w\" sizes=\"auto, (max-width: 1000px) 100vw, 1000px\" \/><\/figure>\n\n\n\n<figure class=\"wp-block-image size-large\"><img data-recalc-dims=\"1\" loading=\"lazy\" decoding=\"async\" width=\"1024\" height=\"683\" data-id=\"9060\" src=\"https:\/\/i0.wp.com\/bmw-radios.com\/wp-content\/uploads\/2025\/05\/IMG_2707.jpg?resize=1024%2C683&#038;ssl=1\" alt=\"\" class=\"wp-image-9060\" srcset=\"https:\/\/i0.wp.com\/bmw-radios.com\/wp-content\/uploads\/2025\/05\/IMG_2707.jpg?resize=1024%2C683&amp;ssl=1 1024w, https:\/\/i0.wp.com\/bmw-radios.com\/wp-content\/uploads\/2025\/05\/IMG_2707.jpg?resize=300%2C200&amp;ssl=1 300w, https:\/\/i0.wp.com\/bmw-radios.com\/wp-content\/uploads\/2025\/05\/IMG_2707.jpg?resize=150%2C100&amp;ssl=1 150w, https:\/\/i0.wp.com\/bmw-radios.com\/wp-content\/uploads\/2025\/05\/IMG_2707.jpg?resize=768%2C512&amp;ssl=1 768w, https:\/\/i0.wp.com\/bmw-radios.com\/wp-content\/uploads\/2025\/05\/IMG_2707.jpg?resize=1200%2C800&amp;ssl=1 1200w, https:\/\/i0.wp.com\/bmw-radios.com\/wp-content\/uploads\/2025\/05\/IMG_2707.jpg?w=1500&amp;ssl=1 1500w\" sizes=\"auto, (max-width: 1000px) 100vw, 1000px\" \/><\/figure>\n\n\n\n<figure class=\"wp-block-image size-large\"><img data-recalc-dims=\"1\" loading=\"lazy\" decoding=\"async\" width=\"1024\" height=\"683\" data-id=\"9064\" src=\"https:\/\/i0.wp.com\/bmw-radios.com\/wp-content\/uploads\/2025\/05\/IMG_2710.jpg?resize=1024%2C683&#038;ssl=1\" alt=\"\" class=\"wp-image-9064\" srcset=\"https:\/\/i0.wp.com\/bmw-radios.com\/wp-content\/uploads\/2025\/05\/IMG_2710.jpg?resize=1024%2C683&amp;ssl=1 1024w, https:\/\/i0.wp.com\/bmw-radios.com\/wp-content\/uploads\/2025\/05\/IMG_2710.jpg?resize=300%2C200&amp;ssl=1 300w, https:\/\/i0.wp.com\/bmw-radios.com\/wp-content\/uploads\/2025\/05\/IMG_2710.jpg?resize=150%2C100&amp;ssl=1 150w, https:\/\/i0.wp.com\/bmw-radios.com\/wp-content\/uploads\/2025\/05\/IMG_2710.jpg?resize=768%2C512&amp;ssl=1 768w, https:\/\/i0.wp.com\/bmw-radios.com\/wp-content\/uploads\/2025\/05\/IMG_2710.jpg?w=1500&amp;ssl=1 1500w\" sizes=\"auto, (max-width: 1000px) 100vw, 1000px\" \/><\/figure>\n<\/figure>\n<\/div>\n<\/div>\n\n\n\n<div style=\"height:var(--wp--preset--spacing--20)\" aria-hidden=\"true\" class=\"wp-block-spacer\"><\/div>\n<\/div>\n","protected":false},"excerpt":{"rendered":"<p>BMW Business RDS Radio Installationsanleitung Anstelle des Metall Montagerahmen wird dieses Radio mit zwei M2,5-Inbusschrauben mit gleitenden Metalllaschen befestigt (alternativ kann auch ein Torx T10 verwendet werden). Beim Drehen im Uhrzeigersinn greifen die Laschen und ziehen das Radio nach innen, sodass es fest gegen den umlaufenden Radiorahmen gespannt wird: Ziehen Sie sie nicht zu fest [&hellip;]<\/p>\n","protected":false},"author":243139741,"featured_media":9045,"parent":0,"menu_order":0,"comment_status":"closed","ping_status":"closed","template":"","meta":{"footnotes":""},"class_list":["post-9082","page","type-page","status-publish","has-post-thumbnail","hentry"],"yoast_head":"<!-- This site is optimized with the Yoast SEO plugin v27.4 - https:\/\/yoast.com\/product\/yoast-seo-wordpress\/ -->\n<title>BMW Business RDS Radio Installationsanleitung<\/title>\n<meta name=\"description\" content=\"Diese Anleitung erkl\u00e4rt, wie das BMW Business RDS Radio in Ihrem Fahrzeug installiert wird.\" \/>\n<meta name=\"robots\" content=\"index, follow, max-snippet:-1, max-image-preview:large, max-video-preview:-1\" \/>\n<link rel=\"canonical\" href=\"https:\/\/bmw-radios.com\/de\/bmw-business-rds-info\/\" \/>\n<meta property=\"og:locale\" content=\"de_DE\" \/>\n<meta property=\"og:type\" content=\"article\" \/>\n<meta property=\"og:title\" content=\"BMW Business RDS Radio Installationsanleitung\" \/>\n<meta property=\"og:description\" content=\"Diese Anleitung erkl\u00e4rt, wie das BMW Business RDS Radio in Ihrem Fahrzeug installiert wird.\" \/>\n<meta property=\"og:url\" content=\"https:\/\/bmw-radios.com\/de\/bmw-business-rds-info\/\" \/>\n<meta property=\"og:site_name\" content=\"BMWradios\" \/>\n<meta property=\"article:publisher\" content=\"https:\/\/www.facebook.com\/bmwradios\/\" \/>\n<meta property=\"article:modified_time\" content=\"2026-01-05T09:22:01+00:00\" \/>\n<meta property=\"og:image\" content=\"https:\/\/bmw-radios.com\/wp-content\/uploads\/2025\/05\/M25.jpg\" \/>\n\t<meta property=\"og:image:width\" content=\"1500\" \/>\n\t<meta property=\"og:image:height\" content=\"1000\" \/>\n\t<meta property=\"og:image:type\" content=\"image\/jpeg\" \/>\n<meta name=\"twitter:card\" content=\"summary_large_image\" \/>\n<meta name=\"twitter:label1\" content=\"Gesch\u00e4tzte Lesezeit\" \/>\n\t<meta name=\"twitter:data1\" content=\"2\u00a0Minuten\" \/>\n<script type=\"application\/ld+json\" class=\"yoast-schema-graph\">{\"@context\":\"https:\\\/\\\/schema.org\",\"@graph\":[{\"@type\":\"WebPage\",\"@id\":\"https:\\\/\\\/bmw-radios.com\\\/de\\\/bmw-business-rds-info\\\/\",\"url\":\"https:\\\/\\\/bmw-radios.com\\\/de\\\/bmw-business-rds-info\\\/\",\"name\":\"BMW Business RDS Radio Installationsanleitung\",\"isPartOf\":{\"@id\":\"https:\\\/\\\/bmw-radios.com\\\/de\\\/#website\"},\"primaryImageOfPage\":{\"@id\":\"https:\\\/\\\/bmw-radios.com\\\/de\\\/bmw-business-rds-info\\\/#primaryimage\"},\"image\":{\"@id\":\"https:\\\/\\\/bmw-radios.com\\\/de\\\/bmw-business-rds-info\\\/#primaryimage\"},\"thumbnailUrl\":\"https:\\\/\\\/i0.wp.com\\\/bmw-radios.com\\\/wp-content\\\/uploads\\\/2025\\\/05\\\/M25.jpg?fit=1500%2C1000&ssl=1\",\"datePublished\":\"2025-05-02T09:13:44+00:00\",\"dateModified\":\"2026-01-05T09:22:01+00:00\",\"description\":\"Diese Anleitung erkl\u00e4rt, wie das BMW Business RDS Radio in Ihrem Fahrzeug installiert wird.\",\"breadcrumb\":{\"@id\":\"https:\\\/\\\/bmw-radios.com\\\/de\\\/bmw-business-rds-info\\\/#breadcrumb\"},\"inLanguage\":\"de\",\"potentialAction\":[{\"@type\":\"ReadAction\",\"target\":[\"https:\\\/\\\/bmw-radios.com\\\/de\\\/bmw-business-rds-info\\\/\"]}]},{\"@type\":\"ImageObject\",\"inLanguage\":\"de\",\"@id\":\"https:\\\/\\\/bmw-radios.com\\\/de\\\/bmw-business-rds-info\\\/#primaryimage\",\"url\":\"https:\\\/\\\/i0.wp.com\\\/bmw-radios.com\\\/wp-content\\\/uploads\\\/2025\\\/05\\\/M25.jpg?fit=1500%2C1000&ssl=1\",\"contentUrl\":\"https:\\\/\\\/i0.wp.com\\\/bmw-radios.com\\\/wp-content\\\/uploads\\\/2025\\\/05\\\/M25.jpg?fit=1500%2C1000&ssl=1\",\"width\":1500,\"height\":1000},{\"@type\":\"BreadcrumbList\",\"@id\":\"https:\\\/\\\/bmw-radios.com\\\/de\\\/bmw-business-rds-info\\\/#breadcrumb\",\"itemListElement\":[{\"@type\":\"ListItem\",\"position\":1,\"name\":\"Home\",\"item\":\"https:\\\/\\\/bmw-radios.com\\\/de\\\/\"},{\"@type\":\"ListItem\",\"position\":2,\"name\":\"BMW Business RDS Info\"}]},{\"@type\":\"WebSite\",\"@id\":\"https:\\\/\\\/bmw-radios.com\\\/de\\\/#website\",\"url\":\"https:\\\/\\\/bmw-radios.com\\\/de\\\/\",\"name\":\"BMWradios\",\"description\":\"\",\"publisher\":{\"@id\":\"https:\\\/\\\/bmw-radios.com\\\/de\\\/#organization\"},\"potentialAction\":[{\"@type\":\"SearchAction\",\"target\":{\"@type\":\"EntryPoint\",\"urlTemplate\":\"https:\\\/\\\/bmw-radios.com\\\/de\\\/?s={search_term_string}\"},\"query-input\":{\"@type\":\"PropertyValueSpecification\",\"valueRequired\":true,\"valueName\":\"search_term_string\"}}],\"inLanguage\":\"de\"},{\"@type\":\"Organization\",\"@id\":\"https:\\\/\\\/bmw-radios.com\\\/de\\\/#organization\",\"name\":\"BMWradios\",\"url\":\"https:\\\/\\\/bmw-radios.com\\\/de\\\/\",\"logo\":{\"@type\":\"ImageObject\",\"inLanguage\":\"de\",\"@id\":\"https:\\\/\\\/bmw-radios.com\\\/de\\\/#\\\/schema\\\/logo\\\/image\\\/\",\"url\":\"https:\\\/\\\/i0.wp.com\\\/bmw-radios.com\\\/wp-content\\\/uploads\\\/2023\\\/11\\\/cropped-logo.png?fit=512%2C512&ssl=1\",\"contentUrl\":\"https:\\\/\\\/i0.wp.com\\\/bmw-radios.com\\\/wp-content\\\/uploads\\\/2023\\\/11\\\/cropped-logo.png?fit=512%2C512&ssl=1\",\"width\":512,\"height\":512,\"caption\":\"BMWradios\"},\"image\":{\"@id\":\"https:\\\/\\\/bmw-radios.com\\\/de\\\/#\\\/schema\\\/logo\\\/image\\\/\"},\"sameAs\":[\"https:\\\/\\\/www.facebook.com\\\/bmwradios\\\/\"]}]}<\/script>\n<!-- \/ Yoast SEO plugin. -->","yoast_head_json":{"title":"BMW Business RDS Radio Installationsanleitung","description":"Diese Anleitung erkl\u00e4rt, wie das BMW Business RDS Radio in Ihrem Fahrzeug installiert wird.","robots":{"index":"index","follow":"follow","max-snippet":"max-snippet:-1","max-image-preview":"max-image-preview:large","max-video-preview":"max-video-preview:-1"},"canonical":"https:\/\/bmw-radios.com\/de\/bmw-business-rds-info\/","og_locale":"de_DE","og_type":"article","og_title":"BMW Business RDS Radio Installationsanleitung","og_description":"Diese Anleitung erkl\u00e4rt, wie das BMW Business RDS Radio in Ihrem Fahrzeug installiert wird.","og_url":"https:\/\/bmw-radios.com\/de\/bmw-business-rds-info\/","og_site_name":"BMWradios","article_publisher":"https:\/\/www.facebook.com\/bmwradios\/","article_modified_time":"2026-01-05T09:22:01+00:00","og_image":[{"width":1500,"height":1000,"url":"https:\/\/bmw-radios.com\/wp-content\/uploads\/2025\/05\/M25.jpg","type":"image\/jpeg"}],"twitter_card":"summary_large_image","twitter_misc":{"Gesch\u00e4tzte Lesezeit":"2\u00a0Minuten"},"schema":{"@context":"https:\/\/schema.org","@graph":[{"@type":"WebPage","@id":"https:\/\/bmw-radios.com\/de\/bmw-business-rds-info\/","url":"https:\/\/bmw-radios.com\/de\/bmw-business-rds-info\/","name":"BMW Business RDS Radio Installationsanleitung","isPartOf":{"@id":"https:\/\/bmw-radios.com\/de\/#website"},"primaryImageOfPage":{"@id":"https:\/\/bmw-radios.com\/de\/bmw-business-rds-info\/#primaryimage"},"image":{"@id":"https:\/\/bmw-radios.com\/de\/bmw-business-rds-info\/#primaryimage"},"thumbnailUrl":"https:\/\/i0.wp.com\/bmw-radios.com\/wp-content\/uploads\/2025\/05\/M25.jpg?fit=1500%2C1000&ssl=1","datePublished":"2025-05-02T09:13:44+00:00","dateModified":"2026-01-05T09:22:01+00:00","description":"Diese Anleitung erkl\u00e4rt, wie das BMW Business RDS Radio in Ihrem Fahrzeug installiert wird.","breadcrumb":{"@id":"https:\/\/bmw-radios.com\/de\/bmw-business-rds-info\/#breadcrumb"},"inLanguage":"de","potentialAction":[{"@type":"ReadAction","target":["https:\/\/bmw-radios.com\/de\/bmw-business-rds-info\/"]}]},{"@type":"ImageObject","inLanguage":"de","@id":"https:\/\/bmw-radios.com\/de\/bmw-business-rds-info\/#primaryimage","url":"https:\/\/i0.wp.com\/bmw-radios.com\/wp-content\/uploads\/2025\/05\/M25.jpg?fit=1500%2C1000&ssl=1","contentUrl":"https:\/\/i0.wp.com\/bmw-radios.com\/wp-content\/uploads\/2025\/05\/M25.jpg?fit=1500%2C1000&ssl=1","width":1500,"height":1000},{"@type":"BreadcrumbList","@id":"https:\/\/bmw-radios.com\/de\/bmw-business-rds-info\/#breadcrumb","itemListElement":[{"@type":"ListItem","position":1,"name":"Home","item":"https:\/\/bmw-radios.com\/de\/"},{"@type":"ListItem","position":2,"name":"BMW Business RDS Info"}]},{"@type":"WebSite","@id":"https:\/\/bmw-radios.com\/de\/#website","url":"https:\/\/bmw-radios.com\/de\/","name":"BMWradios","description":"","publisher":{"@id":"https:\/\/bmw-radios.com\/de\/#organization"},"potentialAction":[{"@type":"SearchAction","target":{"@type":"EntryPoint","urlTemplate":"https:\/\/bmw-radios.com\/de\/?s={search_term_string}"},"query-input":{"@type":"PropertyValueSpecification","valueRequired":true,"valueName":"search_term_string"}}],"inLanguage":"de"},{"@type":"Organization","@id":"https:\/\/bmw-radios.com\/de\/#organization","name":"BMWradios","url":"https:\/\/bmw-radios.com\/de\/","logo":{"@type":"ImageObject","inLanguage":"de","@id":"https:\/\/bmw-radios.com\/de\/#\/schema\/logo\/image\/","url":"https:\/\/i0.wp.com\/bmw-radios.com\/wp-content\/uploads\/2023\/11\/cropped-logo.png?fit=512%2C512&ssl=1","contentUrl":"https:\/\/i0.wp.com\/bmw-radios.com\/wp-content\/uploads\/2023\/11\/cropped-logo.png?fit=512%2C512&ssl=1","width":512,"height":512,"caption":"BMWradios"},"image":{"@id":"https:\/\/bmw-radios.com\/de\/#\/schema\/logo\/image\/"},"sameAs":["https:\/\/www.facebook.com\/bmwradios\/"]}]}},"jetpack_likes_enabled":true,"jetpack_sharing_enabled":true,"jetpack_shortlink":"https:\/\/wp.me\/Pfjy9t-2mu","jetpack-related-posts":[],"_links":{"self":[{"href":"https:\/\/bmw-radios.com\/de\/wp-json\/wp\/v2\/pages\/9082","targetHints":{"allow":["GET"]}}],"collection":[{"href":"https:\/\/bmw-radios.com\/de\/wp-json\/wp\/v2\/pages"}],"about":[{"href":"https:\/\/bmw-radios.com\/de\/wp-json\/wp\/v2\/types\/page"}],"author":[{"embeddable":true,"href":"https:\/\/bmw-radios.com\/de\/wp-json\/wp\/v2\/users\/243139741"}],"replies":[{"embeddable":true,"href":"https:\/\/bmw-radios.com\/de\/wp-json\/wp\/v2\/comments?post=9082"}],"version-history":[{"count":4,"href":"https:\/\/bmw-radios.com\/de\/wp-json\/wp\/v2\/pages\/9082\/revisions"}],"predecessor-version":[{"id":14664,"href":"https:\/\/bmw-radios.com\/de\/wp-json\/wp\/v2\/pages\/9082\/revisions\/14664"}],"wp:featuredmedia":[{"embeddable":true,"href":"https:\/\/bmw-radios.com\/de\/wp-json\/wp\/v2\/media\/9045"}],"wp:attachment":[{"href":"https:\/\/bmw-radios.com\/de\/wp-json\/wp\/v2\/media?parent=9082"}],"curies":[{"name":"wp","href":"https:\/\/api.w.org\/{rel}","templated":true}]}}